{"id":190,"date":"2025-12-31T07:36:03","date_gmt":"2025-12-31T07:36:03","guid":{"rendered":"https:\/\/hopeful-noether.217-160-227-206.plesk.page\/inicio\/"},"modified":"2026-01-12T13:26:58","modified_gmt":"2026-01-12T13:26:58","slug":"inicio","status":"publish","type":"page","link":"https:\/\/hopeful-noether.217-160-227-206.plesk.page\/es\/","title":{"rendered":"Inicio"},"content":{"rendered":"\t\t<div data-elementor-type=\"wp-page\" data-elementor-id=\"190\" class=\"elementor elementor-190 elementor-13\" data-elementor-post-type=\"page\">\n\t\t\t\t<div class=\"elementor-element elementor-element-c5f175c e-flex e-con-boxed elementor-invisible e-con e-parent\" data-id=\"c5f175c\" data-element_type=\"container\" data-settings=\"{&quot;background_background&quot;:&quot;classic&quot;,&quot;animation&quot;:&quot;fadeInUp&quot;}\">\n\t\t\t\t\t<div class=\"e-con-inner\">\n\t\t\t\t<div class=\"elementor-element elementor-element-4c766d2 elementor-widget elementor-widget-heading\" data-id=\"4c766d2\" data-element_type=\"widget\" data-widget_type=\"heading.default\">\n\t\t\t\t\t<h1 class=\"elementor-heading-title elementor-size-default\">Bienvenidos a Granjas OROMI FONT<\/h1>\t\t\t\t<\/div>\n\t\t\t\t\t<\/div>\n\t\t\t\t<\/div>\n\t\t<div class=\"elementor-element elementor-element-71fa76b e-flex e-con-boxed elementor-invisible e-con e-parent\" data-id=\"71fa76b\" data-element_type=\"container\" data-settings=\"{&quot;animation&quot;:&quot;fadeInUp&quot;}\">\n\t\t\t\t\t<div class=\"e-con-inner\">\n\t\t<div class=\"elementor-element elementor-element-0761433 e-con-full e-flex e-con e-child\" data-id=\"0761433\" data-element_type=\"container\" data-settings=\"{&quot;background_background&quot;:&quot;classic&quot;}\">\n\t\t<div class=\"elementor-element elementor-element-187aaea e-con-full e-flex e-con e-child\" data-id=\"187aaea\" data-element_type=\"container\">\n\t\t\t\t<div class=\"elementor-element elementor-element-82a6e4f elementor-widget elementor-widget-image\" data-id=\"82a6e4f\" data-element_type=\"widget\" data-widget_type=\"image.default\">\n\t\t\t\t\t\t\t\t\t\t\t\t\t\t\t<img decoding=\"async\" width=\"200\" height=\"200\" src=\"https:\/\/hopeful-noether.217-160-227-206.plesk.page\/wp-content\/uploads\/2026\/01\/icono-benestar.png\" class=\"attachment-full size-full wp-image-193\" alt=\"\" srcset=\"https:\/\/hopeful-noether.217-160-227-206.plesk.page\/wp-content\/uploads\/2026\/01\/icono-benestar.png 200w, https:\/\/hopeful-noether.217-160-227-206.plesk.page\/wp-content\/uploads\/2026\/01\/icono-benestar-150x150.png 150w\" sizes=\"(max-width: 200px) 100vw, 200px\" \/>\t\t\t\t\t\t\t\t\t\t\t\t\t\t\t<\/div>\n\t\t\t\t<div class=\"elementor-element elementor-element-2a3fb0d elementor-widget elementor-widget-text-editor\" data-id=\"2a3fb0d\" data-element_type=\"widget\" data-widget_type=\"text-editor.default\">\n\t\t\t\t\t\t\t\t\t<p><strong><span class=\"a_GcMg font-feature-liga-off font-feature-clig-off font-feature-calt-off text-decoration-none text-strikethrough-none\" style=\"color: rgba(255,255,255,var(--o42jjq,1)); caret-color: #ffffff; --ys-xuq: none; font-style: normal; font-kerning: normal;\">Bienestar animal<\/span><\/strong><\/p>\t\t\t\t\t\t\t\t<\/div>\n\t\t\t\t<\/div>\n\t\t<div class=\"elementor-element elementor-element-dffcc8b e-con-full e-flex e-con e-child\" data-id=\"dffcc8b\" data-element_type=\"container\">\n\t\t\t\t<div class=\"elementor-element elementor-element-216aa86 elementor-widget elementor-widget-image\" data-id=\"216aa86\" data-element_type=\"widget\" data-widget_type=\"image.default\">\n\t\t\t\t\t\t\t\t\t\t\t\t\t\t\t<img decoding=\"async\" width=\"200\" height=\"200\" src=\"https:\/\/hopeful-noether.217-160-227-206.plesk.page\/wp-content\/uploads\/2026\/01\/icono-qualitat.png\" class=\"attachment-full size-full wp-image-195\" alt=\"\" srcset=\"https:\/\/hopeful-noether.217-160-227-206.plesk.page\/wp-content\/uploads\/2026\/01\/icono-qualitat.png 200w, https:\/\/hopeful-noether.217-160-227-206.plesk.page\/wp-content\/uploads\/2026\/01\/icono-qualitat-150x150.png 150w\" sizes=\"(max-width: 200px) 100vw, 200px\" \/>\t\t\t\t\t\t\t\t\t\t\t\t\t\t\t<\/div>\n\t\t\t\t<div class=\"elementor-element elementor-element-be89bc7 elementor-widget elementor-widget-text-editor\" data-id=\"be89bc7\" data-element_type=\"widget\" data-widget_type=\"text-editor.default\">\n\t\t\t\t\t\t\t\t\t<p><strong><span class=\"a_GcMg font-feature-liga-off font-feature-clig-off font-feature-calt-off text-decoration-none text-strikethrough-none\">Calidad<\/span><\/strong><\/p>\t\t\t\t\t\t\t\t<\/div>\n\t\t\t\t<\/div>\n\t\t<div class=\"elementor-element elementor-element-1844184 e-con-full e-flex e-con e-child\" data-id=\"1844184\" data-element_type=\"container\">\n\t\t\t\t<div class=\"elementor-element elementor-element-c898ba1 elementor-widget elementor-widget-image\" data-id=\"c898ba1\" data-element_type=\"widget\" data-widget_type=\"image.default\">\n\t\t\t\t\t\t\t\t\t\t\t\t\t\t\t<img decoding=\"async\" width=\"200\" height=\"200\" src=\"https:\/\/hopeful-noether.217-160-227-206.plesk.page\/wp-content\/uploads\/2026\/01\/icono-sostenibilitat.png\" class=\"attachment-full size-full wp-image-196\" alt=\"\" srcset=\"https:\/\/hopeful-noether.217-160-227-206.plesk.page\/wp-content\/uploads\/2026\/01\/icono-sostenibilitat.png 200w, https:\/\/hopeful-noether.217-160-227-206.plesk.page\/wp-content\/uploads\/2026\/01\/icono-sostenibilitat-150x150.png 150w\" sizes=\"(max-width: 200px) 100vw, 200px\" \/>\t\t\t\t\t\t\t\t\t\t\t\t\t\t\t<\/div>\n\t\t\t\t<div class=\"elementor-element elementor-element-3b73b72 elementor-widget elementor-widget-text-editor\" data-id=\"3b73b72\" data-element_type=\"widget\" data-widget_type=\"text-editor.default\">\n\t\t\t\t\t\t\t\t\t<p><strong><span class=\"a_GcMg font-feature-liga-off font-feature-clig-off font-feature-calt-off text-decoration-none text-strikethrough-none\">Sostenibilidad<\/span><\/strong><\/p>\t\t\t\t\t\t\t\t<\/div>\n\t\t\t\t<\/div>\n\t\t<div class=\"elementor-element elementor-element-e2dfa6f e-con-full e-flex e-con e-child\" data-id=\"e2dfa6f\" data-element_type=\"container\">\n\t\t\t\t<div class=\"elementor-element elementor-element-0a7ae22 elementor-widget elementor-widget-image\" data-id=\"0a7ae22\" data-element_type=\"widget\" data-widget_type=\"image.default\">\n\t\t\t\t\t\t\t\t\t\t\t\t\t\t\t<img loading=\"lazy\" decoding=\"async\" width=\"200\" height=\"200\" src=\"https:\/\/hopeful-noether.217-160-227-206.plesk.page\/wp-content\/uploads\/2026\/01\/icono-innovacio.png\" class=\"attachment-full size-full wp-image-194\" alt=\"\" srcset=\"https:\/\/hopeful-noether.217-160-227-206.plesk.page\/wp-content\/uploads\/2026\/01\/icono-innovacio.png 200w, https:\/\/hopeful-noether.217-160-227-206.plesk.page\/wp-content\/uploads\/2026\/01\/icono-innovacio-150x150.png 150w\" sizes=\"(max-width: 200px) 100vw, 200px\" \/>\t\t\t\t\t\t\t\t\t\t\t\t\t\t\t<\/div>\n\t\t\t\t<div class=\"elementor-element elementor-element-069c1d9 elementor-widget elementor-widget-text-editor\" data-id=\"069c1d9\" data-element_type=\"widget\" data-widget_type=\"text-editor.default\">\n\t\t\t\t\t\t\t\t\t<p><strong><span class=\"a_GcMg font-feature-liga-off font-feature-clig-off font-feature-calt-off text-decoration-none text-strikethrough-none\">Innovaci\u00f3n<\/span><\/strong><\/p>\t\t\t\t\t\t\t\t<\/div>\n\t\t\t\t<\/div>\n\t\t\t\t<\/div>\n\t\t\t\t\t<\/div>\n\t\t\t\t<\/div>\n\t\t<div class=\"elementor-element elementor-element-29b0f26 e-flex e-con-boxed e-con e-parent\" data-id=\"29b0f26\" data-element_type=\"container\">\n\t\t\t\t\t<div class=\"e-con-inner\">\n\t\t<div class=\"elementor-element elementor-element-2f39e8b e-con-full e-flex e-con e-child\" data-id=\"2f39e8b\" data-element_type=\"container\">\n\t\t\t\t<div class=\"elementor-element elementor-element-66518cc elementor-widget elementor-widget-heading\" data-id=\"66518cc\" data-element_type=\"widget\" data-widget_type=\"heading.default\">\n\t\t\t\t\t<h2 class=\"elementor-heading-title elementor-size-default\">M\u00e1s de 36 a\u00f1os de experiencia en cr\u00eda porcina<\/h2>\t\t\t\t<\/div>\n\t\t\t\t<div class=\"elementor-element elementor-element-4aa1242 elementor-widget elementor-widget-text-editor\" data-id=\"4aa1242\" data-element_type=\"widget\" data-widget_type=\"text-editor.default\">\n\t\t\t\t\t\t\t\t\t<p>En <b>Granges OROMI FONT<\/b> trabajamos cada d\u00eda con pasi\u00f3n y compromiso, respetando el bienestar animal y el medio ambiente. Nuestra misi\u00f3n es mantener la tradici\u00f3n familiar mientras incorporamos las mejores pr\u00e1cticas y tecnolog\u00edas para la cr\u00eda de porcino. <\/p>\t\t\t\t\t\t\t\t<\/div>\n\t\t\t\t<\/div>\n\t\t<div class=\"elementor-element elementor-element-345e053 e-con-full e-flex elementor-invisible e-con e-child\" data-id=\"345e053\" data-element_type=\"container\" data-settings=\"{&quot;animation&quot;:&quot;fadeInRight&quot;}\">\n\t\t\t\t<div class=\"elementor-element elementor-element-1ab49b3 elementor-widget elementor-widget-image\" data-id=\"1ab49b3\" data-element_type=\"widget\" data-widget_type=\"image.default\">\n\t\t\t\t\t\t\t\t\t\t\t\t\t\t\t<img loading=\"lazy\" decoding=\"async\" width=\"500\" height=\"500\" src=\"https:\/\/hopeful-noether.217-160-227-206.plesk.page\/wp-content\/uploads\/2026\/01\/oromi-font-img-nueva.jpg\" class=\"attachment-full size-full wp-image-198\" alt=\"\" srcset=\"https:\/\/hopeful-noether.217-160-227-206.plesk.page\/wp-content\/uploads\/2026\/01\/oromi-font-img-nueva.jpg 500w, https:\/\/hopeful-noether.217-160-227-206.plesk.page\/wp-content\/uploads\/2026\/01\/oromi-font-img-nueva-300x300.jpg 300w, https:\/\/hopeful-noether.217-160-227-206.plesk.page\/wp-content\/uploads\/2026\/01\/oromi-font-img-nueva-150x150.jpg 150w\" sizes=\"(max-width: 500px) 100vw, 500px\" \/>\t\t\t\t\t\t\t\t\t\t\t\t\t\t\t<\/div>\n\t\t\t\t<\/div>\n\t\t\t\t\t<\/div>\n\t\t\t\t<\/div>\n\t\t<div class=\"elementor-element elementor-element-db2be54 e-flex e-con-boxed elementor-invisible e-con e-parent\" data-id=\"db2be54\" data-element_type=\"container\" data-settings=\"{&quot;background_background&quot;:&quot;classic&quot;,&quot;animation&quot;:&quot;fadeInUp&quot;}\">\n\t\t\t\t\t<div class=\"e-con-inner\">\n\t\t<div class=\"elementor-element elementor-element-0f42c8c e-con-full e-flex e-con e-child\" data-id=\"0f42c8c\" data-element_type=\"container\" data-settings=\"{&quot;background_background&quot;:&quot;classic&quot;}\">\n\t\t\t\t<div class=\"elementor-element elementor-element-fcc0de8 elementor-widget elementor-widget-text-editor\" data-id=\"fcc0de8\" data-element_type=\"widget\" data-widget_type=\"text-editor.default\">\n\t\t\t\t\t\t\t\t\t<p><b>Le invitamos a descubrir nuestra historia y conocer nuestras instalaciones.<\/b><\/p><p>En Granjes OROMI FONT somos conscientes de la responsabilidad que implica la actividad ganadera. Por eso trabajamos con un modelo de producci\u00f3n basado en el respeto por el medio ambiente y el uso eficiente de los recursos naturales. <\/p><p>Creemos que producir de manera responsable no es solo una obligaci\u00f3n, sino un compromiso con el territorio, el futuro del sector y las pr\u00f3ximas generaciones.<\/p>\t\t\t\t\t\t\t\t<\/div>\n\t\t\t\t<\/div>\n\t\t\t\t\t<\/div>\n\t\t\t\t<\/div>\n\t\t<div class=\"elementor-element elementor-element-b3374d7 e-flex e-con-boxed elementor-invisible e-con e-parent\" data-id=\"b3374d7\" data-element_type=\"container\" data-settings=\"{&quot;animation&quot;:&quot;fadeInUp&quot;}\">\n\t\t\t\t\t<div class=\"e-con-inner\">\n\t\t<div class=\"elementor-element elementor-element-29c2cb1 e-con-full e-flex e-con e-child\" data-id=\"29c2cb1\" data-element_type=\"container\">\n\t\t\t\t<div class=\"elementor-element elementor-element-dc93827 elementor-widget elementor-widget-heading\" data-id=\"dc93827\" data-element_type=\"widget\" data-widget_type=\"heading.default\">\n\t\t\t\t\t<h2 class=\"elementor-heading-title elementor-size-default\">Contacta con nosotros<\/h2>\t\t\t\t<\/div>\n\t\t\t\t<div class=\"elementor-element elementor-element-8508993 elementor-widget elementor-widget-text-editor\" data-id=\"8508993\" data-element_type=\"widget\" data-widget_type=\"text-editor.default\">\n\t\t\t\t\t\t\t\t\t<p class=\"cvGsUA direction-ltr align-start para-style-body\"><span class=\"a_GcMg font-feature-liga-off font-feature-clig-off font-feature-calt-off text-decoration-none text-strikethrough-none\">Ramon Orom\u00ed Vidal tel. 610418152<\/span><\/p><p class=\"cvGsUA direction-ltr align-start para-style-body\"><span class=\"a_GcMg font-feature-liga-off font-feature-clig-off font-feature-calt-off text-decoration-none text-strikethrough-none\">Pol Orom\u00ed Font 687330349<\/span><\/p><p class=\"cvGsUA direction-ltr align-start para-style-body\"><span class=\"a_GcMg font-feature-liga-off font-feature-clig-off font-feature-calt-off text-decoration-none text-strikethrough-none\">Partida El Salat, s\/n &#8211; 25141 Torregrossa (Lleida)<\/span><\/p><p class=\"cvGsUA direction-ltr align-start para-style-body\"><span class=\"a_GcMg font-feature-liga-off font-feature-clig-off font-feature-calt-off text-decoration-none text-strikethrough-none\">Cam\u00ed de Borges, s\/n &#8211; 25141 Torregrossa (Lleida)<\/span><\/p>\t\t\t\t\t\t\t\t<\/div>\n\t\t\t\t<\/div>\n\t\t<div class=\"elementor-element elementor-element-3ea41d4 e-con-full e-flex e-con e-child\" data-id=\"3ea41d4\" data-element_type=\"container\">\n\t\t\t\t<div class=\"elementor-element elementor-element-a4f6b59 elementor-button-align-stretch elementor-widget elementor-widget-form\" data-id=\"a4f6b59\" data-element_type=\"widget\" data-settings=\"{&quot;step_next_label&quot;:&quot;Next&quot;,&quot;step_previous_label&quot;:&quot;Anterior&quot;,&quot;button_width&quot;:&quot;100&quot;,&quot;step_type&quot;:&quot;number_text&quot;,&quot;step_icon_shape&quot;:&quot;circle&quot;}\" data-widget_type=\"form.default\">\n\t\t\t\t\t\t\t<form class=\"elementor-form\" method=\"post\" name=\"Nuevo formulario\" aria-label=\"Nuevo formulario\">\n\t\t\t<input type=\"hidden\" name=\"post_id\" value=\"190\"\/>\n\t\t\t<input type=\"hidden\" name=\"form_id\" value=\"a4f6b59\"\/>\n\t\t\t<input type=\"hidden\" name=\"referer_title\" value=\"\" \/>\n\n\t\t\t\n\t\t\t<div class=\"elementor-form-fields-wrapper elementor-labels-\">\n\t\t\t\t\t\t\t\t<div class=\"elementor-field-type-text elementor-field-group elementor-column elementor-field-group-name elementor-col-100 elementor-field-required\">\n\t\t\t\t\t\t\t\t\t\t\t\t<label for=\"form-field-name\" class=\"elementor-field-label elementor-screen-only\">\n\t\t\t\t\t\t\t\tNombre\t\t\t\t\t\t\t<\/label>\n\t\t\t\t\t\t\t\t\t\t\t\t\t\t<input size=\"1\" type=\"text\" name=\"form_fields[name]\" id=\"form-field-name\" class=\"elementor-field elementor-size-sm  elementor-field-textual\" placeholder=\"Nombre\" required=\"required\">\n\t\t\t\t\t\t\t\t\t\t\t<\/div>\n\t\t\t\t\t\t\t\t<div class=\"elementor-field-type-email elementor-field-group elementor-column elementor-field-group-email elementor-col-100 elementor-field-required\">\n\t\t\t\t\t\t\t\t\t\t\t\t<label for=\"form-field-email\" class=\"elementor-field-label elementor-screen-only\">\n\t\t\t\t\t\t\t\tEmail\t\t\t\t\t\t\t<\/label>\n\t\t\t\t\t\t\t\t\t\t\t\t\t\t<input size=\"1\" type=\"email\" name=\"form_fields[email]\" id=\"form-field-email\" class=\"elementor-field elementor-size-sm  elementor-field-textual\" placeholder=\"Email\" required=\"required\">\n\t\t\t\t\t\t\t\t\t\t\t<\/div>\n\t\t\t\t\t\t\t\t<div class=\"elementor-field-type-tel elementor-field-group elementor-column elementor-field-group-field_6997f2e elementor-col-100 elementor-field-required\">\n\t\t\t\t\t\t\t\t\t\t\t\t<label for=\"form-field-field_6997f2e\" class=\"elementor-field-label elementor-screen-only\">\n\t\t\t\t\t\t\t\tTel\u00e9fono\t\t\t\t\t\t\t<\/label>\n\t\t\t\t\t\t\t\t<input size=\"1\" type=\"tel\" name=\"form_fields[field_6997f2e]\" id=\"form-field-field_6997f2e\" class=\"elementor-field elementor-size-sm  elementor-field-textual\" placeholder=\"Tel\u00e9fono\" required=\"required\" pattern=\"[0-9()#&amp;+*-=.]+\" title=\"Solo se aceptan n\u00fameros y caracteres de tel\u00e9fono (#,-,*,etc).\">\n\n\t\t\t\t\t\t<\/div>\n\t\t\t\t\t\t\t\t<div class=\"elementor-field-type-textarea elementor-field-group elementor-column elementor-field-group-message elementor-col-100 elementor-field-required\">\n\t\t\t\t\t\t\t\t\t\t\t\t<label for=\"form-field-message\" class=\"elementor-field-label elementor-screen-only\">\n\t\t\t\t\t\t\t\tMensaje\t\t\t\t\t\t\t<\/label>\n\t\t\t\t\t\t<textarea class=\"elementor-field-textual elementor-field  elementor-size-sm\" name=\"form_fields[message]\" id=\"form-field-message\" rows=\"4\" placeholder=\"Mensaje\" required=\"required\"><\/textarea>\t\t\t\t<\/div>\n\t\t\t\t\t\t\t\t<div class=\"elementor-field-type-acceptance elementor-field-group elementor-column elementor-field-group-field_8500619 elementor-col-100 elementor-field-required\">\n\t\t\t\t\t\t\t<div class=\"elementor-field-subgroup\">\n\t\t\t<span class=\"elementor-field-option\">\n\t\t\t\t<input type=\"checkbox\" name=\"form_fields[field_8500619]\" id=\"form-field-field_8500619\" class=\"elementor-field elementor-size-sm  elementor-acceptance-field\" required=\"required\">\n\t\t\t\t<label for=\"form-field-field_8500619\">He le\u00eddo y acepto la <a href=\"https:\/\/hopeful-noether.217-160-227-206.plesk.page\/es\/politica-de-privacidad\/\" target=\"_blank\">pol\u00edtica de privacidad<\/a><\/label>\t\t\t<\/span>\n\t\t<\/div>\n\t\t\t\t\t\t<\/div>\n\t\t\t\t\t\t\t\t<div class=\"elementor-field-group elementor-column elementor-field-type-submit elementor-col-100 e-form__buttons\">\n\t\t\t\t\t<button class=\"elementor-button elementor-size-sm\" type=\"submit\">\n\t\t\t\t\t\t<span class=\"elementor-button-content-wrapper\">\n\t\t\t\t\t\t\t\t\t\t\t\t\t\t\t\t\t\t\t\t\t\t<span class=\"elementor-button-text\">Enviar<\/span>\n\t\t\t\t\t\t\t\t\t\t\t\t\t<\/span>\n\t\t\t\t\t<\/button>\n\t\t\t\t<\/div>\n\t\t\t<\/div>\n\t\t<\/form>\n\t\t\t\t\t\t<\/div>\n\t\t\t\t<\/div>\n\t\t\t\t\t<\/div>\n\t\t\t\t<\/div>\n\t\t\t\t<\/div>\n\t\t","protected":false},"excerpt":{"rendered":"<p>Bienvenidos a Granjas OROMI FONT Bienestar animal Calidad Sostenibilidad Innovaci\u00f3n M\u00e1s de 36 a\u00f1os de experiencia en cr\u00eda porcina En Granges OROMI FONT trabajamos cada d\u00eda con pasi\u00f3n y compromiso, respetando el bienestar animal y el medio ambiente. Nuestra misi\u00f3n es mantener la tradici\u00f3n familiar mientras incorporamos las mejores pr\u00e1cticas y tecnolog\u00edas para la cr\u00eda [&hellip;]<\/p>\n","protected":false},"author":1,"featured_media":0,"parent":0,"menu_order":0,"comment_status":"closed","ping_status":"closed","template":"elementor_header_footer","meta":{"footnotes":""},"class_list":["post-190","page","type-page","status-publish","hentry"],"_links":{"self":[{"href":"https:\/\/hopeful-noether.217-160-227-206.plesk.page\/es\/wp-json\/wp\/v2\/pages\/190","targetHints":{"allow":["GET"]}}],"collection":[{"href":"https:\/\/hopeful-noether.217-160-227-206.plesk.page\/es\/wp-json\/wp\/v2\/pages"}],"about":[{"href":"https:\/\/hopeful-noether.217-160-227-206.plesk.page\/es\/wp-json\/wp\/v2\/types\/page"}],"author":[{"embeddable":true,"href":"https:\/\/hopeful-noether.217-160-227-206.plesk.page\/es\/wp-json\/wp\/v2\/users\/1"}],"replies":[{"embeddable":true,"href":"https:\/\/hopeful-noether.217-160-227-206.plesk.page\/es\/wp-json\/wp\/v2\/comments?post=190"}],"version-history":[{"count":2,"href":"https:\/\/hopeful-noether.217-160-227-206.plesk.page\/es\/wp-json\/wp\/v2\/pages\/190\/revisions"}],"predecessor-version":[{"id":231,"href":"https:\/\/hopeful-noether.217-160-227-206.plesk.page\/es\/wp-json\/wp\/v2\/pages\/190\/revisions\/231"}],"wp:attachment":[{"href":"https:\/\/hopeful-noether.217-160-227-206.plesk.page\/es\/wp-json\/wp\/v2\/media?parent=190"}],"curies":[{"name":"wp","href":"https:\/\/api.w.org\/{rel}","templated":true}]}}