{"id":200,"date":"2026-01-08T12:38:01","date_gmt":"2026-01-08T12:38:01","guid":{"rendered":"https:\/\/hopeful-noether.217-160-227-206.plesk.page\/instalaciones\/"},"modified":"2026-01-12T11:30:09","modified_gmt":"2026-01-12T11:30:09","slug":"instalaciones","status":"publish","type":"page","link":"https:\/\/hopeful-noether.217-160-227-206.plesk.page\/es\/instalaciones\/","title":{"rendered":"Instalaciones"},"content":{"rendered":"\t\t<div data-elementor-type=\"wp-page\" data-elementor-id=\"200\" class=\"elementor elementor-200 elementor-84\" data-elementor-post-type=\"page\">\n\t\t\t\t<div class=\"elementor-element elementor-element-b20e8e7 e-flex e-con-boxed elementor-invisible e-con e-parent\" data-id=\"b20e8e7\" data-element_type=\"container\" data-settings=\"{&quot;background_background&quot;:&quot;classic&quot;,&quot;animation&quot;:&quot;fadeInUp&quot;}\">\n\t\t\t\t\t<div class=\"e-con-inner\">\n\t\t\t\t<div class=\"elementor-element elementor-element-3885477 elementor-widget elementor-widget-heading\" data-id=\"3885477\" data-element_type=\"widget\" data-widget_type=\"heading.default\">\n\t\t\t\t\t<h1 class=\"elementor-heading-title elementor-size-default\">Nuestras instalaciones<\/h1>\t\t\t\t<\/div>\n\t\t\t\t\t<\/div>\n\t\t\t\t<\/div>\n\t\t<div class=\"elementor-element elementor-element-c73c2d1 e-flex e-con-boxed elementor-invisible e-con e-parent\" data-id=\"c73c2d1\" data-element_type=\"container\" data-settings=\"{&quot;animation&quot;:&quot;fadeInUp&quot;}\">\n\t\t\t\t\t<div class=\"e-con-inner\">\n\t\t<div class=\"elementor-element elementor-element-92a4944 e-con-full e-flex e-con e-child\" data-id=\"92a4944\" data-element_type=\"container\">\n\t\t\t\t<div class=\"elementor-element elementor-element-3e7e02d elementor-widget elementor-widget-heading\" data-id=\"3e7e02d\" data-element_type=\"widget\" data-widget_type=\"heading.default\">\n\t\t\t\t\t<h2 class=\"elementor-heading-title elementor-size-default\">Compromiso con la calidad y el bienestar animal<\/h2>\t\t\t\t<\/div>\n\t\t\t\t<div class=\"elementor-element elementor-element-0c23794 elementor-widget elementor-widget-text-editor\" data-id=\"0c23794\" data-element_type=\"widget\" data-widget_type=\"text-editor.default\">\n\t\t\t\t\t\t\t\t\t<p><span style=\"font-weight: 400;\">Nuestras dos granjas est\u00e1n equipadas con instalaciones que cumplen con los est\u00e1ndares de bienestar animal y bioseguridad.<\/span><\/p><p><span style=\"font-weight: 400;\">Incorporamos<\/span> <b>tecnolog\u00edas<\/b> <span style=\"font-weight: 400;\">para el control ambiental, la alimentaci\u00f3n eficiente y la gesti\u00f3n sostenible de los recursos. Adem\u00e1s, aplicamos pr\u00e1cticas respetuosas con el medio ambiente, reduciendo el impacto ecol\u00f3gico.<\/span><\/p><p><span style=\"font-weight: 400;\">En <\/span><b>Granja OROMI FONT<\/b><span style=\"font-weight: 400;\">, el bienestar animal es una prioridad: una ventilaci\u00f3n adecuada y cuidados veterinarios constantes aseguran la salud y la calidad de nuestros animales.<\/span><\/p>\t\t\t\t\t\t\t\t<\/div>\n\t\t\t\t<\/div>\n\t\t\t\t\t<\/div>\n\t\t\t\t<\/div>\n\t\t<div class=\"elementor-element elementor-element-45c4295 e-flex e-con-boxed elementor-invisible e-con e-parent\" data-id=\"45c4295\" data-element_type=\"container\" data-settings=\"{&quot;background_background&quot;:&quot;classic&quot;,&quot;animation&quot;:&quot;fadeInUp&quot;}\">\n\t\t\t\t\t<div class=\"e-con-inner\">\n\t\t<div class=\"elementor-element elementor-element-6163578 e-con-full e-flex e-con e-child\" data-id=\"6163578\" data-element_type=\"container\">\n\t\t\t\t<div class=\"elementor-element elementor-element-0abe045 elementor-widget elementor-widget-gallery\" data-id=\"0abe045\" data-element_type=\"widget\" data-settings=\"{&quot;gallery_layout&quot;:&quot;masonry&quot;,&quot;columns_mobile&quot;:2,&quot;lazyload&quot;:&quot;yes&quot;,&quot;columns&quot;:4,&quot;columns_tablet&quot;:2,&quot;gap&quot;:{&quot;unit&quot;:&quot;px&quot;,&quot;size&quot;:10,&quot;sizes&quot;:[]},&quot;gap_tablet&quot;:{&quot;unit&quot;:&quot;px&quot;,&quot;size&quot;:10,&quot;sizes&quot;:[]},&quot;gap_mobile&quot;:{&quot;unit&quot;:&quot;px&quot;,&quot;size&quot;:10,&quot;sizes&quot;:[]},&quot;link_to&quot;:&quot;file&quot;,&quot;overlay_background&quot;:&quot;yes&quot;,&quot;content_hover_animation&quot;:&quot;fade-in&quot;}\" data-widget_type=\"gallery.default\">\n\t\t\t\t\t\t\t<div class=\"elementor-gallery__container\">\n\t\t\t\t\t\t\t<a class=\"e-gallery-item elementor-gallery-item elementor-animated-content\" href=\"https:\/\/hopeful-noether.217-160-227-206.plesk.page\/wp-content\/uploads\/2026\/01\/omori-galeria-5.jpg\" data-elementor-open-lightbox=\"yes\" data-elementor-lightbox-slideshow=\"0abe045\" data-elementor-lightbox-title=\"omori-galeria-5\" data-e-action-hash=\"#elementor-action%3Aaction%3Dlightbox%26settings%3DeyJpZCI6MjAxLCJ1cmwiOiJodHRwczpcL1wvaG9wZWZ1bC1ub2V0aGVyLjIxNy0xNjAtMjI3LTIwNi5wbGVzay5wYWdlXC93cC1jb250ZW50XC91cGxvYWRzXC8yMDI2XC8wMVwvb21vcmktZ2FsZXJpYS01LmpwZyIsInNsaWRlc2hvdyI6IjBhYmUwNDUifQ%3D%3D\">\n\t\t\t\t\t<div class=\"e-gallery-image elementor-gallery-item__image\" data-thumbnail=\"https:\/\/hopeful-noether.217-160-227-206.plesk.page\/wp-content\/uploads\/2026\/01\/omori-galeria-5-300x263.jpg\" data-width=\"300\" data-height=\"263\" aria-label=\"\" role=\"img\" ><\/div>\n\t\t\t\t\t\t\t\t\t\t\t<div class=\"elementor-gallery-item__overlay\"><\/div>\n\t\t\t\t\t\t\t\t\t\t\t\t\t\t<\/a>\n\t\t\t\t\t\t\t<a class=\"e-gallery-item elementor-gallery-item elementor-animated-content\" href=\"https:\/\/hopeful-noether.217-160-227-206.plesk.page\/wp-content\/uploads\/2026\/01\/omori-galeria-1.jpg\" data-elementor-open-lightbox=\"yes\" data-elementor-lightbox-slideshow=\"0abe045\" data-elementor-lightbox-title=\"omori-galeria-1\" data-e-action-hash=\"#elementor-action%3Aaction%3Dlightbox%26settings%3DeyJpZCI6MjAyLCJ1cmwiOiJodHRwczpcL1wvaG9wZWZ1bC1ub2V0aGVyLjIxNy0xNjAtMjI3LTIwNi5wbGVzay5wYWdlXC93cC1jb250ZW50XC91cGxvYWRzXC8yMDI2XC8wMVwvb21vcmktZ2FsZXJpYS0xLmpwZyIsInNsaWRlc2hvdyI6IjBhYmUwNDUifQ%3D%3D\">\n\t\t\t\t\t<div class=\"e-gallery-image elementor-gallery-item__image\" data-thumbnail=\"https:\/\/hopeful-noether.217-160-227-206.plesk.page\/wp-content\/uploads\/2026\/01\/omori-galeria-1-300x263.jpg\" data-width=\"300\" data-height=\"263\" aria-label=\"\" role=\"img\" ><\/div>\n\t\t\t\t\t\t\t\t\t\t\t<div class=\"elementor-gallery-item__overlay\"><\/div>\n\t\t\t\t\t\t\t\t\t\t\t\t\t\t<\/a>\n\t\t\t\t\t\t\t<a class=\"e-gallery-item elementor-gallery-item elementor-animated-content\" href=\"https:\/\/hopeful-noether.217-160-227-206.plesk.page\/wp-content\/uploads\/2026\/01\/omori-galeria-2.jpg\" data-elementor-open-lightbox=\"yes\" data-elementor-lightbox-slideshow=\"0abe045\" data-elementor-lightbox-title=\"omori-galeria-2\" data-e-action-hash=\"#elementor-action%3Aaction%3Dlightbox%26settings%3DeyJpZCI6MjAzLCJ1cmwiOiJodHRwczpcL1wvaG9wZWZ1bC1ub2V0aGVyLjIxNy0xNjAtMjI3LTIwNi5wbGVzay5wYWdlXC93cC1jb250ZW50XC91cGxvYWRzXC8yMDI2XC8wMVwvb21vcmktZ2FsZXJpYS0yLmpwZyIsInNsaWRlc2hvdyI6IjBhYmUwNDUifQ%3D%3D\">\n\t\t\t\t\t<div class=\"e-gallery-image elementor-gallery-item__image\" data-thumbnail=\"https:\/\/hopeful-noether.217-160-227-206.plesk.page\/wp-content\/uploads\/2026\/01\/omori-galeria-2-300x263.jpg\" data-width=\"300\" data-height=\"263\" aria-label=\"\" role=\"img\" ><\/div>\n\t\t\t\t\t\t\t\t\t\t\t<div class=\"elementor-gallery-item__overlay\"><\/div>\n\t\t\t\t\t\t\t\t\t\t\t\t\t\t<\/a>\n\t\t\t\t\t\t\t<a class=\"e-gallery-item elementor-gallery-item elementor-animated-content\" href=\"https:\/\/hopeful-noether.217-160-227-206.plesk.page\/wp-content\/uploads\/2026\/01\/omori-galeria-3.jpg\" data-elementor-open-lightbox=\"yes\" data-elementor-lightbox-slideshow=\"0abe045\" data-elementor-lightbox-title=\"omori-galeria-3\" data-e-action-hash=\"#elementor-action%3Aaction%3Dlightbox%26settings%3DeyJpZCI6MjA0LCJ1cmwiOiJodHRwczpcL1wvaG9wZWZ1bC1ub2V0aGVyLjIxNy0xNjAtMjI3LTIwNi5wbGVzay5wYWdlXC93cC1jb250ZW50XC91cGxvYWRzXC8yMDI2XC8wMVwvb21vcmktZ2FsZXJpYS0zLmpwZyIsInNsaWRlc2hvdyI6IjBhYmUwNDUifQ%3D%3D\">\n\t\t\t\t\t<div class=\"e-gallery-image elementor-gallery-item__image\" data-thumbnail=\"https:\/\/hopeful-noether.217-160-227-206.plesk.page\/wp-content\/uploads\/2026\/01\/omori-galeria-3-300x263.jpg\" data-width=\"300\" data-height=\"263\" aria-label=\"\" role=\"img\" ><\/div>\n\t\t\t\t\t\t\t\t\t\t\t<div class=\"elementor-gallery-item__overlay\"><\/div>\n\t\t\t\t\t\t\t\t\t\t\t\t\t\t<\/a>\n\t\t\t\t\t\t\t<a class=\"e-gallery-item elementor-gallery-item elementor-animated-content\" href=\"https:\/\/hopeful-noether.217-160-227-206.plesk.page\/wp-content\/uploads\/2026\/01\/omori-galeria-4.jpg\" data-elementor-open-lightbox=\"yes\" data-elementor-lightbox-slideshow=\"0abe045\" data-elementor-lightbox-title=\"omori-galeria-4\" data-e-action-hash=\"#elementor-action%3Aaction%3Dlightbox%26settings%3DeyJpZCI6MjA1LCJ1cmwiOiJodHRwczpcL1wvaG9wZWZ1bC1ub2V0aGVyLjIxNy0xNjAtMjI3LTIwNi5wbGVzay5wYWdlXC93cC1jb250ZW50XC91cGxvYWRzXC8yMDI2XC8wMVwvb21vcmktZ2FsZXJpYS00LmpwZyIsInNsaWRlc2hvdyI6IjBhYmUwNDUifQ%3D%3D\">\n\t\t\t\t\t<div class=\"e-gallery-image elementor-gallery-item__image\" data-thumbnail=\"https:\/\/hopeful-noether.217-160-227-206.plesk.page\/wp-content\/uploads\/2026\/01\/omori-galeria-4-300x263.jpg\" data-width=\"300\" data-height=\"263\" aria-label=\"\" role=\"img\" ><\/div>\n\t\t\t\t\t\t\t\t\t\t\t<div class=\"elementor-gallery-item__overlay\"><\/div>\n\t\t\t\t\t\t\t\t\t\t\t\t\t\t<\/a>\n\t\t\t\t\t\t\t<a class=\"e-gallery-item elementor-gallery-item elementor-animated-content\" href=\"https:\/\/hopeful-noether.217-160-227-206.plesk.page\/wp-content\/uploads\/2026\/01\/oromi-granja-1.jpg\" data-elementor-open-lightbox=\"yes\" data-elementor-lightbox-slideshow=\"0abe045\" data-elementor-lightbox-title=\"oromi-granja-1\" data-e-action-hash=\"#elementor-action%3Aaction%3Dlightbox%26settings%3DeyJpZCI6MTkyLCJ1cmwiOiJodHRwczpcL1wvaG9wZWZ1bC1ub2V0aGVyLjIxNy0xNjAtMjI3LTIwNi5wbGVzay5wYWdlXC93cC1jb250ZW50XC91cGxvYWRzXC8yMDI2XC8wMVwvb3JvbWktZ3JhbmphLTEuanBnIiwic2xpZGVzaG93IjoiMGFiZTA0NSJ9\">\n\t\t\t\t\t<div class=\"e-gallery-image elementor-gallery-item__image\" data-thumbnail=\"https:\/\/hopeful-noether.217-160-227-206.plesk.page\/wp-content\/uploads\/2026\/01\/oromi-granja-1-300x300.jpg\" data-width=\"300\" data-height=\"300\" aria-label=\"\" role=\"img\" ><\/div>\n\t\t\t\t\t\t\t\t\t\t\t<div class=\"elementor-gallery-item__overlay\"><\/div>\n\t\t\t\t\t\t\t\t\t\t\t\t\t\t<\/a>\n\t\t\t\t\t\t\t<a class=\"e-gallery-item elementor-gallery-item elementor-animated-content\" href=\"https:\/\/hopeful-noether.217-160-227-206.plesk.page\/wp-content\/uploads\/2026\/01\/oromi-granja-fondo-2.jpg\" data-elementor-open-lightbox=\"yes\" data-elementor-lightbox-slideshow=\"0abe045\" data-elementor-lightbox-title=\"oromi-granja-fondo-2\" data-e-action-hash=\"#elementor-action%3Aaction%3Dlightbox%26settings%3DeyJpZCI6MTk3LCJ1cmwiOiJodHRwczpcL1wvaG9wZWZ1bC1ub2V0aGVyLjIxNy0xNjAtMjI3LTIwNi5wbGVzay5wYWdlXC93cC1jb250ZW50XC91cGxvYWRzXC8yMDI2XC8wMVwvb3JvbWktZ3JhbmphLWZvbmRvLTIuanBnIiwic2xpZGVzaG93IjoiMGFiZTA0NSJ9\">\n\t\t\t\t\t<div class=\"e-gallery-image elementor-gallery-item__image\" data-thumbnail=\"https:\/\/hopeful-noether.217-160-227-206.plesk.page\/wp-content\/uploads\/2026\/01\/oromi-granja-fondo-2-300x78.jpg\" data-width=\"300\" data-height=\"78\" aria-label=\"\" role=\"img\" ><\/div>\n\t\t\t\t\t\t\t\t\t\t\t<div class=\"elementor-gallery-item__overlay\"><\/div>\n\t\t\t\t\t\t\t\t\t\t\t\t\t\t<\/a>\n\t\t\t\t\t<\/div>\n\t\t\t\t\t<\/div>\n\t\t\t\t<\/div>\n\t\t\t\t\t<\/div>\n\t\t\t\t<\/div>\n\t\t\t\t<\/div>\n\t\t","protected":false},"excerpt":{"rendered":"<p>Nuestras instalaciones Compromiso con la calidad y el bienestar animal Nuestras dos granjas est\u00e1n equipadas con instalaciones que cumplen con los est\u00e1ndares de bienestar animal y bioseguridad. Incorporamos tecnolog\u00edas para el control ambiental, la alimentaci\u00f3n eficiente y la gesti\u00f3n sostenible de los recursos. Adem\u00e1s, aplicamos pr\u00e1cticas respetuosas con el medio ambiente, reduciendo el impacto ecol\u00f3gico. [&hellip;]<\/p>\n","protected":false},"author":1,"featured_media":0,"parent":0,"menu_order":0,"comment_status":"closed","ping_status":"closed","template":"elementor_header_footer","meta":{"footnotes":""},"class_list":["post-200","page","type-page","status-publish","hentry"],"_links":{"self":[{"href":"https:\/\/hopeful-noether.217-160-227-206.plesk.page\/es\/wp-json\/wp\/v2\/pages\/200","targetHints":{"allow":["GET"]}}],"collection":[{"href":"https:\/\/hopeful-noether.217-160-227-206.plesk.page\/es\/wp-json\/wp\/v2\/pages"}],"about":[{"href":"https:\/\/hopeful-noether.217-160-227-206.plesk.page\/es\/wp-json\/wp\/v2\/types\/page"}],"author":[{"embeddable":true,"href":"https:\/\/hopeful-noether.217-160-227-206.plesk.page\/es\/wp-json\/wp\/v2\/users\/1"}],"replies":[{"embeddable":true,"href":"https:\/\/hopeful-noether.217-160-227-206.plesk.page\/es\/wp-json\/wp\/v2\/comments?post=200"}],"version-history":[{"count":1,"href":"https:\/\/hopeful-noether.217-160-227-206.plesk.page\/es\/wp-json\/wp\/v2\/pages\/200\/revisions"}],"predecessor-version":[{"id":207,"href":"https:\/\/hopeful-noether.217-160-227-206.plesk.page\/es\/wp-json\/wp\/v2\/pages\/200\/revisions\/207"}],"wp:attachment":[{"href":"https:\/\/hopeful-noether.217-160-227-206.plesk.page\/es\/wp-json\/wp\/v2\/media?parent=200"}],"curies":[{"name":"wp","href":"https:\/\/api.w.org\/{rel}","templated":true}]}}