{"id":208,"date":"2026-01-08T12:14:02","date_gmt":"2026-01-08T12:14:02","guid":{"rendered":"https:\/\/hopeful-noether.217-160-227-206.plesk.page\/quienes-somos\/"},"modified":"2026-01-12T11:30:46","modified_gmt":"2026-01-12T11:30:46","slug":"quienes-somos","status":"publish","type":"page","link":"https:\/\/hopeful-noether.217-160-227-206.plesk.page\/es\/quienes-somos\/","title":{"rendered":"Qui\u00e9nes somos"},"content":{"rendered":"\t\t<div data-elementor-type=\"wp-page\" data-elementor-id=\"208\" class=\"elementor elementor-208 elementor-74\" data-elementor-post-type=\"page\">\n\t\t\t\t<div class=\"elementor-element elementor-element-b75045a e-flex e-con-boxed elementor-invisible e-con e-parent\" data-id=\"b75045a\" data-element_type=\"container\" data-settings=\"{&quot;background_background&quot;:&quot;classic&quot;,&quot;animation&quot;:&quot;fadeInUp&quot;}\">\n\t\t\t\t\t<div class=\"e-con-inner\">\n\t\t\t\t<div class=\"elementor-element elementor-element-6564ab3 elementor-widget elementor-widget-heading\" data-id=\"6564ab3\" data-element_type=\"widget\" data-widget_type=\"heading.default\">\n\t\t\t\t\t<h1 class=\"elementor-heading-title elementor-size-default\">Qui\u00e9nes somos<\/h1>\t\t\t\t<\/div>\n\t\t\t\t\t<\/div>\n\t\t\t\t<\/div>\n\t\t<div class=\"elementor-element elementor-element-536e654 e-flex e-con-boxed elementor-invisible e-con e-parent\" data-id=\"536e654\" data-element_type=\"container\" data-settings=\"{&quot;animation&quot;:&quot;fadeInUp&quot;}\">\n\t\t\t\t\t<div class=\"e-con-inner\">\n\t\t<div class=\"elementor-element elementor-element-65fec41 e-con-full e-flex e-con e-child\" data-id=\"65fec41\" data-element_type=\"container\">\n\t\t\t\t<div class=\"elementor-element elementor-element-203b182 elementor-widget elementor-widget-heading\" data-id=\"203b182\" data-element_type=\"widget\" data-widget_type=\"heading.default\">\n\t\t\t\t\t<h2 class=\"elementor-heading-title elementor-size-default\">Nuestra historia<\/h2>\t\t\t\t<\/div>\n\t\t\t\t<div class=\"elementor-element elementor-element-e028734 elementor-widget elementor-widget-text-editor\" data-id=\"e028734\" data-element_type=\"widget\" data-widget_type=\"text-editor.default\">\n\t\t\t\t\t\t\t\t\t<p><b>OROMI FONT<\/b><span style=\"font-weight: 400;\"> es una empresa familiar dedicada a la explotaci\u00f3n porcina desde hace unos 36 a\u00f1os. Comenz\u00f3 Ram\u00f3n Orom\u00ed con la explotaci\u00f3n de una granja de 150 madres en ciclo cerrado, y posteriormente en el a\u00f1o 2001 se focaliz\u00f3 solamente en la cr\u00eda de porcino. Ahora se ha incorporado su hijo, Pol Orom\u00ed, para trabajar juntos en la cr\u00eda responsable y sostenible de ganado porcino.<\/span><\/p><p><span style=\"font-weight: 400;\">Nuestra familia cree en el trabajo bien hecho, en el respeto por los animales y en la innovaci\u00f3n constante. Actualmente contamos con <\/span><b>dos granjas<\/b><span style=\"font-weight: 400;\"> situadas en la comarca del Pla d\u2019Urgell (Lleida), donde combinamos tradici\u00f3n y tecnolog\u00eda.<\/span><\/p>\t\t\t\t\t\t\t\t<\/div>\n\t\t\t\t<\/div>\n\t\t\t\t\t<\/div>\n\t\t\t\t<\/div>\n\t\t<div class=\"elementor-element elementor-element-a6c0a57 e-flex e-con-boxed elementor-invisible e-con e-parent\" data-id=\"a6c0a57\" data-element_type=\"container\" data-settings=\"{&quot;background_background&quot;:&quot;classic&quot;,&quot;animation&quot;:&quot;fadeInUp&quot;}\">\n\t\t\t\t\t<div class=\"e-con-inner\">\n\t\t<div class=\"elementor-element elementor-element-91a05df e-con-full e-flex elementor-invisible e-con e-child\" data-id=\"91a05df\" data-element_type=\"container\" data-settings=\"{&quot;animation&quot;:&quot;fadeInLeft&quot;}\">\n\t\t\t\t<div class=\"elementor-element elementor-element-f31a4d8 elementor-widget elementor-widget-heading\" data-id=\"f31a4d8\" data-element_type=\"widget\" data-widget_type=\"heading.default\">\n\t\t\t\t\t<h2 class=\"elementor-heading-title elementor-size-default\">Nuestra forma de trabajar<\/h2>\t\t\t\t<\/div>\n\t\t\t\t<div class=\"elementor-element elementor-element-7f6a843 elementor-widget elementor-widget-text-editor\" data-id=\"7f6a843\" data-element_type=\"widget\" data-widget_type=\"text-editor.default\">\n\t\t\t\t\t\t\t\t\t<p class=\"cvGsUA direction-ltr align-start para-style-body\"><span class=\"a_GcMg font-feature-liga-off font-feature-clig-off font-feature-calt-off text-decoration-none text-strikethrough-none\">En Granges OROMI FONT creemos en una manera de hacer responsable y rigurosa. Trabajamos con protocolos claros, controles constantes y una gesti\u00f3n cuidadosa de cada fase del proceso, siempre con el objetivo de garantizar el bienestar animal y una producci\u00f3n segura y de calidad. <\/span><\/p><p class=\"cvGsUA direction-ltr align-start para-style-body\"><span class=\"a_GcMg font-feature-liga-off font-feature-clig-off font-feature-calt-off text-decoration-none text-strikethrough-none\">Disponemos de dos granjas situadas en el Pla d\u2019Urgell (Lleida), equipadas con instalaciones modernas que cumplen con los est\u00e1ndares de bienestar animal, bioseguridad y eficiencia productiva.<\/span><\/p>\t\t\t\t\t\t\t\t<\/div>\n\t\t\t\t<\/div>\n\t\t<div class=\"elementor-element elementor-element-62fd749 e-con-full e-flex elementor-invisible e-con e-child\" data-id=\"62fd749\" data-element_type=\"container\" data-settings=\"{&quot;animation&quot;:&quot;fadeInRight&quot;}\">\n\t\t\t\t<div class=\"elementor-element elementor-element-71a56de elementor-widget elementor-widget-image\" data-id=\"71a56de\" data-element_type=\"widget\" data-widget_type=\"image.default\">\n\t\t\t\t\t\t\t\t\t\t\t\t\t\t\t<img fetchpriority=\"high\" decoding=\"async\" width=\"500\" height=\"500\" src=\"https:\/\/hopeful-noether.217-160-227-206.plesk.page\/wp-content\/uploads\/2026\/01\/oromi-font-img-nueva.jpg\" class=\"attachment-full size-full wp-image-198\" alt=\"\" srcset=\"https:\/\/hopeful-noether.217-160-227-206.plesk.page\/wp-content\/uploads\/2026\/01\/oromi-font-img-nueva.jpg 500w, https:\/\/hopeful-noether.217-160-227-206.plesk.page\/wp-content\/uploads\/2026\/01\/oromi-font-img-nueva-300x300.jpg 300w, https:\/\/hopeful-noether.217-160-227-206.plesk.page\/wp-content\/uploads\/2026\/01\/oromi-font-img-nueva-150x150.jpg 150w\" sizes=\"(max-width: 500px) 100vw, 500px\" \/>\t\t\t\t\t\t\t\t\t\t\t\t\t\t\t<\/div>\n\t\t\t\t<\/div>\n\t\t\t\t\t<\/div>\n\t\t\t\t<\/div>\n\t\t<div class=\"elementor-element elementor-element-8ddcaa3 e-flex e-con-boxed elementor-invisible e-con e-parent\" data-id=\"8ddcaa3\" data-element_type=\"container\" data-settings=\"{&quot;animation&quot;:&quot;fadeInUp&quot;}\">\n\t\t\t\t\t<div class=\"e-con-inner\">\n\t\t<div class=\"elementor-element elementor-element-5739663 e-con-full e-flex e-con e-child\" data-id=\"5739663\" data-element_type=\"container\" data-settings=\"{&quot;background_background&quot;:&quot;classic&quot;}\">\n\t\t<div class=\"elementor-element elementor-element-d080841 e-con-full e-flex e-con e-child\" data-id=\"d080841\" data-element_type=\"container\">\n\t\t\t\t<div class=\"elementor-element elementor-element-5db2cbb elementor-widget elementor-widget-image\" data-id=\"5db2cbb\" data-element_type=\"widget\" data-widget_type=\"image.default\">\n\t\t\t\t\t\t\t\t\t\t\t\t\t\t\t<img decoding=\"async\" width=\"200\" height=\"200\" src=\"https:\/\/hopeful-noether.217-160-227-206.plesk.page\/wp-content\/uploads\/2026\/01\/icono-benestar.png\" class=\"attachment-full size-full wp-image-193\" alt=\"\" srcset=\"https:\/\/hopeful-noether.217-160-227-206.plesk.page\/wp-content\/uploads\/2026\/01\/icono-benestar.png 200w, https:\/\/hopeful-noether.217-160-227-206.plesk.page\/wp-content\/uploads\/2026\/01\/icono-benestar-150x150.png 150w\" sizes=\"(max-width: 200px) 100vw, 200px\" \/>\t\t\t\t\t\t\t\t\t\t\t\t\t\t\t<\/div>\n\t\t\t\t<div class=\"elementor-element elementor-element-f22d14f elementor-widget elementor-widget-text-editor\" data-id=\"f22d14f\" data-element_type=\"widget\" data-widget_type=\"text-editor.default\">\n\t\t\t\t\t\t\t\t\t<p><strong><span class=\"a_GcMg font-feature-liga-off font-feature-clig-off font-feature-calt-off text-decoration-none text-strikethrough-none\" style=\"color: rgba(255,255,255,var(--o42jjq,1)); caret-color: #ffffff; --ys-xuq: none; font-style: normal; font-kerning: normal;\">Bienestar animal<\/span><\/strong><\/p>\t\t\t\t\t\t\t\t<\/div>\n\t\t\t\t<\/div>\n\t\t<div class=\"elementor-element elementor-element-412033d e-con-full e-flex e-con e-child\" data-id=\"412033d\" data-element_type=\"container\">\n\t\t\t\t<div class=\"elementor-element elementor-element-388bf31 elementor-widget elementor-widget-image\" data-id=\"388bf31\" data-element_type=\"widget\" data-widget_type=\"image.default\">\n\t\t\t\t\t\t\t\t\t\t\t\t\t\t\t<img decoding=\"async\" width=\"200\" height=\"200\" src=\"https:\/\/hopeful-noether.217-160-227-206.plesk.page\/wp-content\/uploads\/2026\/01\/icono-qualitat.png\" class=\"attachment-full size-full wp-image-195\" alt=\"\" srcset=\"https:\/\/hopeful-noether.217-160-227-206.plesk.page\/wp-content\/uploads\/2026\/01\/icono-qualitat.png 200w, https:\/\/hopeful-noether.217-160-227-206.plesk.page\/wp-content\/uploads\/2026\/01\/icono-qualitat-150x150.png 150w\" sizes=\"(max-width: 200px) 100vw, 200px\" \/>\t\t\t\t\t\t\t\t\t\t\t\t\t\t\t<\/div>\n\t\t\t\t<div class=\"elementor-element elementor-element-168eb0d elementor-widget elementor-widget-text-editor\" data-id=\"168eb0d\" data-element_type=\"widget\" data-widget_type=\"text-editor.default\">\n\t\t\t\t\t\t\t\t\t<p><strong><span class=\"a_GcMg font-feature-liga-off font-feature-clig-off font-feature-calt-off text-decoration-none text-strikethrough-none\">Calidad<\/span><\/strong><\/p>\t\t\t\t\t\t\t\t<\/div>\n\t\t\t\t<\/div>\n\t\t<div class=\"elementor-element elementor-element-3ba0702 e-con-full e-flex e-con e-child\" data-id=\"3ba0702\" data-element_type=\"container\">\n\t\t\t\t<div class=\"elementor-element elementor-element-da07858 elementor-widget elementor-widget-image\" data-id=\"da07858\" data-element_type=\"widget\" data-widget_type=\"image.default\">\n\t\t\t\t\t\t\t\t\t\t\t\t\t\t\t<img loading=\"lazy\" decoding=\"async\" width=\"200\" height=\"200\" src=\"https:\/\/hopeful-noether.217-160-227-206.plesk.page\/wp-content\/uploads\/2026\/01\/icono-sostenibilitat.png\" class=\"attachment-full size-full wp-image-196\" alt=\"\" srcset=\"https:\/\/hopeful-noether.217-160-227-206.plesk.page\/wp-content\/uploads\/2026\/01\/icono-sostenibilitat.png 200w, https:\/\/hopeful-noether.217-160-227-206.plesk.page\/wp-content\/uploads\/2026\/01\/icono-sostenibilitat-150x150.png 150w\" sizes=\"(max-width: 200px) 100vw, 200px\" \/>\t\t\t\t\t\t\t\t\t\t\t\t\t\t\t<\/div>\n\t\t\t\t<div class=\"elementor-element elementor-element-6502972 elementor-widget elementor-widget-text-editor\" data-id=\"6502972\" data-element_type=\"widget\" data-widget_type=\"text-editor.default\">\n\t\t\t\t\t\t\t\t\t<p><strong><span class=\"a_GcMg font-feature-liga-off font-feature-clig-off font-feature-calt-off text-decoration-none text-strikethrough-none\">Sostenibilidad<\/span><\/strong><\/p>\t\t\t\t\t\t\t\t<\/div>\n\t\t\t\t<\/div>\n\t\t<div class=\"elementor-element elementor-element-51a695d e-con-full e-flex e-con e-child\" data-id=\"51a695d\" data-element_type=\"container\">\n\t\t\t\t<div class=\"elementor-element elementor-element-cfe62df elementor-widget elementor-widget-image\" data-id=\"cfe62df\" data-element_type=\"widget\" data-widget_type=\"image.default\">\n\t\t\t\t\t\t\t\t\t\t\t\t\t\t\t<img loading=\"lazy\" decoding=\"async\" width=\"200\" height=\"200\" src=\"https:\/\/hopeful-noether.217-160-227-206.plesk.page\/wp-content\/uploads\/2026\/01\/icono-innovacio.png\" class=\"attachment-full size-full wp-image-194\" alt=\"\" srcset=\"https:\/\/hopeful-noether.217-160-227-206.plesk.page\/wp-content\/uploads\/2026\/01\/icono-innovacio.png 200w, https:\/\/hopeful-noether.217-160-227-206.plesk.page\/wp-content\/uploads\/2026\/01\/icono-innovacio-150x150.png 150w\" sizes=\"(max-width: 200px) 100vw, 200px\" \/>\t\t\t\t\t\t\t\t\t\t\t\t\t\t\t<\/div>\n\t\t\t\t<div class=\"elementor-element elementor-element-078e513 elementor-widget elementor-widget-text-editor\" data-id=\"078e513\" data-element_type=\"widget\" data-widget_type=\"text-editor.default\">\n\t\t\t\t\t\t\t\t\t<p><strong><span class=\"a_GcMg font-feature-liga-off font-feature-clig-off font-feature-calt-off text-decoration-none text-strikethrough-none\">Innovaci\u00f3n<\/span><\/strong><\/p>\t\t\t\t\t\t\t\t<\/div>\n\t\t\t\t<\/div>\n\t\t\t\t<\/div>\n\t\t\t\t\t<\/div>\n\t\t\t\t<\/div>\n\t\t\t\t<\/div>\n\t\t","protected":false},"excerpt":{"rendered":"<p>Qui\u00e9nes somos Nuestra historia OROMI FONT es una empresa familiar dedicada a la explotaci\u00f3n porcina desde hace unos 36 a\u00f1os. Comenz\u00f3 Ram\u00f3n Orom\u00ed con la explotaci\u00f3n de una granja de 150 madres en ciclo cerrado, y posteriormente en el a\u00f1o 2001 se focaliz\u00f3 solamente en la cr\u00eda de porcino. Ahora se ha incorporado su hijo, [&hellip;]<\/p>\n","protected":false},"author":1,"featured_media":0,"parent":0,"menu_order":0,"comment_status":"closed","ping_status":"closed","template":"elementor_header_footer","meta":{"footnotes":""},"class_list":["post-208","page","type-page","status-publish","hentry"],"_links":{"self":[{"href":"https:\/\/hopeful-noether.217-160-227-206.plesk.page\/es\/wp-json\/wp\/v2\/pages\/208","targetHints":{"allow":["GET"]}}],"collection":[{"href":"https:\/\/hopeful-noether.217-160-227-206.plesk.page\/es\/wp-json\/wp\/v2\/pages"}],"about":[{"href":"https:\/\/hopeful-noether.217-160-227-206.plesk.page\/es\/wp-json\/wp\/v2\/types\/page"}],"author":[{"embeddable":true,"href":"https:\/\/hopeful-noether.217-160-227-206.plesk.page\/es\/wp-json\/wp\/v2\/users\/1"}],"replies":[{"embeddable":true,"href":"https:\/\/hopeful-noether.217-160-227-206.plesk.page\/es\/wp-json\/wp\/v2\/comments?post=208"}],"version-history":[{"count":1,"href":"https:\/\/hopeful-noether.217-160-227-206.plesk.page\/es\/wp-json\/wp\/v2\/pages\/208\/revisions"}],"predecessor-version":[{"id":210,"href":"https:\/\/hopeful-noether.217-160-227-206.plesk.page\/es\/wp-json\/wp\/v2\/pages\/208\/revisions\/210"}],"wp:attachment":[{"href":"https:\/\/hopeful-noether.217-160-227-206.plesk.page\/es\/wp-json\/wp\/v2\/media?parent=208"}],"curies":[{"name":"wp","href":"https:\/\/api.w.org\/{rel}","templated":true}]}}