{"id":250,"date":"2026-01-12T12:52:07","date_gmt":"2026-01-12T12:52:07","guid":{"rendered":"https:\/\/hopeful-noether.217-160-227-206.plesk.page\/politica-de-privacitat\/"},"modified":"2026-01-12T13:11:11","modified_gmt":"2026-01-12T13:11:11","slug":"politica-de-privacidad","status":"publish","type":"page","link":"https:\/\/hopeful-noether.217-160-227-206.plesk.page\/es\/politica-de-privacidad\/","title":{"rendered":"Pol\u00edtica de privacidad"},"content":{"rendered":"\t\t<div data-elementor-type=\"wp-page\" data-elementor-id=\"250\" class=\"elementor elementor-250 elementor-238\" data-elementor-post-type=\"page\">\n\t\t\t\t<div class=\"elementor-element elementor-element-f32e9ea e-flex e-con-boxed e-con e-parent\" data-id=\"f32e9ea\" data-element_type=\"container\">\n\t\t\t\t\t<div class=\"e-con-inner\">\n\t\t\t\t<div class=\"elementor-element elementor-element-bea8a75 elementor-widget elementor-widget-heading\" data-id=\"bea8a75\" data-element_type=\"widget\" data-widget_type=\"heading.default\">\n\t\t\t\t\t<h2 class=\"elementor-heading-title elementor-size-default\">Pol\u00edtica de privacidad<\/h2>\t\t\t\t<\/div>\n\t\t\t\t<div class=\"elementor-element elementor-element-bca593e elementor-widget elementor-widget-text-editor\" data-id=\"bca593e\" data-element_type=\"widget\" data-widget_type=\"text-editor.default\">\n\t\t\t\t\t\t\t\t\t<h3>1. RESPONSABLE DEL TRATAMIENTO<\/h3><p class=\"ds-markdown-paragraph\"><strong>Identidad del Responsable:<\/strong>\u00a0RAM\u00d3N OROM\u00cd VIDAL<br \/><strong>NIF:<\/strong>\u00a078073951Z<br \/><strong>Domicilio:<\/strong>\u00a0Avda. Dr. Iglesias, 18 &#8211; 25141 Torregrossa, Lleida, Espa\u00f1a<br \/><strong>Correo electr\u00f3nico:<\/strong>\u00a0[indicar correo electr\u00f3nico de protecci\u00f3n de datos]<br \/><strong>Finalidad del tratamiento:<\/strong>\u00a0Gesti\u00f3n de consultas, relaci\u00f3n con clientes, env\u00edo de comunicaciones comerciales (si fuera el caso) y prestaci\u00f3n de los servicios ofrecidos a trav\u00e9s del sitio web.<\/p><h3>2. LEGITIMACI\u00d3N<\/h3><p class=\"ds-markdown-paragraph\">La base legitimadora para el tratamiento de sus datos es:<\/p><ul><li><p class=\"ds-markdown-paragraph\">La ejecuci\u00f3n de un contrato o aplicaci\u00f3n de medidas precontractuales.<\/p><\/li><li><p class=\"ds-markdown-paragraph\">El consentimiento expreso del usuario.<\/p><\/li><li><p class=\"ds-markdown-paragraph\">El inter\u00e9s leg\u00edtimo del responsable.<\/p><\/li><\/ul><h3>3. DESTINATARIOS DE LOS DATOS<\/h3><p class=\"ds-markdown-paragraph\">Los datos no ser\u00e1n cedidos a terceros, excepto en los casos previstos por la ley o cuando sea necesario para la prestaci\u00f3n del servicio solicitado.<\/p><h3>4. DERECHOS DEL INTERESADO<\/h3><p class=\"ds-markdown-paragraph\">Usted tiene derecho a:<\/p><ul><li><p class=\"ds-markdown-paragraph\">Acceder a sus datos personales.<\/p><\/li><li><p class=\"ds-markdown-paragraph\">Rectificar los datos inexactos.<\/p><\/li><li><p class=\"ds-markdown-paragraph\">Suprimir sus datos.<\/p><\/li><li><p class=\"ds-markdown-paragraph\">Solicitar la limitaci\u00f3n del tratamiento.<\/p><\/li><li><p class=\"ds-markdown-paragraph\">Oponerse al tratamiento.<\/p><\/li><li><p class=\"ds-markdown-paragraph\">Portabilidad de los datos.<\/p><\/li><li><p class=\"ds-markdown-paragraph\">Retirar el consentimiento en cualquier momento.<\/p><\/li><li><p class=\"ds-markdown-paragraph\">Presentar una reclamaci\u00f3n ante la Autoridad de Control (<a href=\"https:\/\/www.aepd.es\/\" target=\"_blank\" rel=\"noopener noreferrer\">www.aepd.es<\/a>).<\/p><\/li><\/ul><p class=\"ds-markdown-paragraph\">Para ejercer estos derechos, deber\u00e1 enviar una solicitud escrita al domicilio postal o correo electr\u00f3nico del responsable.<\/p><h3>5. CONSERVACI\u00d3N DE LOS DATOS<\/h3><p class=\"ds-markdown-paragraph\">Los datos se conservar\u00e1n durante el tiempo necesario para la finalidad por la que se recogieron y, como m\u00ednimo, durante los plazos legales establecidos por la legislaci\u00f3n aplicable.<\/p>\t\t\t\t\t\t\t\t<\/div>\n\t\t\t\t\t<\/div>\n\t\t\t\t<\/div>\n\t\t\t\t<\/div>\n\t\t","protected":false},"excerpt":{"rendered":"<p>1. RESPONSABLE DEL TRATAMIENTO Identidad del Responsable:\u00a0RAM\u00d3N OROM\u00cd VIDALNIF:\u00a078073951ZDomicilio:\u00a0Avda. Dr. Iglesias, 18 &#8211; 25141 Torregrossa, Lleida, Espa\u00f1aCorreo electr\u00f3nico:\u00a0[indicar correo electr\u00f3nico de protecci\u00f3n de datos]Finalidad del tratamiento:\u00a0Gesti\u00f3n de consultas, relaci\u00f3n con clientes, env\u00edo de comunicaciones comerciales (si fuera el caso) y prestaci\u00f3n de los servicios ofrecidos a trav\u00e9s del sitio web. 2. LEGITIMACI\u00d3N La base legitimadora [&hellip;]<\/p>\n","protected":false},"author":1,"featured_media":0,"parent":0,"menu_order":0,"comment_status":"closed","ping_status":"closed","template":"elementor_header_footer","meta":{"footnotes":""},"class_list":["post-250","page","type-page","status-publish","hentry"],"_links":{"self":[{"href":"https:\/\/hopeful-noether.217-160-227-206.plesk.page\/es\/wp-json\/wp\/v2\/pages\/250","targetHints":{"allow":["GET"]}}],"collection":[{"href":"https:\/\/hopeful-noether.217-160-227-206.plesk.page\/es\/wp-json\/wp\/v2\/pages"}],"about":[{"href":"https:\/\/hopeful-noether.217-160-227-206.plesk.page\/es\/wp-json\/wp\/v2\/types\/page"}],"author":[{"embeddable":true,"href":"https:\/\/hopeful-noether.217-160-227-206.plesk.page\/es\/wp-json\/wp\/v2\/users\/1"}],"replies":[{"embeddable":true,"href":"https:\/\/hopeful-noether.217-160-227-206.plesk.page\/es\/wp-json\/wp\/v2\/comments?post=250"}],"version-history":[{"count":4,"href":"https:\/\/hopeful-noether.217-160-227-206.plesk.page\/es\/wp-json\/wp\/v2\/pages\/250\/revisions"}],"predecessor-version":[{"id":262,"href":"https:\/\/hopeful-noether.217-160-227-206.plesk.page\/es\/wp-json\/wp\/v2\/pages\/250\/revisions\/262"}],"wp:attachment":[{"href":"https:\/\/hopeful-noether.217-160-227-206.plesk.page\/es\/wp-json\/wp\/v2\/media?parent=250"}],"curies":[{"name":"wp","href":"https:\/\/api.w.org\/{rel}","templated":true}]}}