{"id":251,"date":"2026-01-12T12:54:09","date_gmt":"2026-01-12T12:54:09","guid":{"rendered":"https:\/\/hopeful-noether.217-160-227-206.plesk.page\/politica-de-cookies\/"},"modified":"2026-01-12T13:11:16","modified_gmt":"2026-01-12T13:11:16","slug":"politica-de-cookies","status":"publish","type":"page","link":"https:\/\/hopeful-noether.217-160-227-206.plesk.page\/es\/politica-de-cookies\/","title":{"rendered":"Pol\u00edtica de cookies"},"content":{"rendered":"\t\t<div data-elementor-type=\"wp-page\" data-elementor-id=\"251\" class=\"elementor elementor-251 elementor-244\" data-elementor-post-type=\"page\">\n\t\t\t\t<div class=\"elementor-element elementor-element-05757f6 e-flex e-con-boxed e-con e-parent\" data-id=\"05757f6\" data-element_type=\"container\">\n\t\t\t\t\t<div class=\"e-con-inner\">\n\t\t\t\t<div class=\"elementor-element elementor-element-501ef59 elementor-widget elementor-widget-heading\" data-id=\"501ef59\" data-element_type=\"widget\" data-widget_type=\"heading.default\">\n\t\t\t\t\t<h2 class=\"elementor-heading-title elementor-size-default\">Pol\u00edtica de cookies<\/h2>\t\t\t\t<\/div>\n\t\t\t\t<div class=\"elementor-element elementor-element-2a2c40f elementor-widget elementor-widget-text-editor\" data-id=\"2a2c40f\" data-element_type=\"widget\" data-widget_type=\"text-editor.default\">\n\t\t\t\t\t\t\t\t\t<h3>1. \u00bfQU\u00c9 SON LAS COOKIES?<\/h3><p class=\"ds-markdown-paragraph\">Las cookies son peque\u00f1os archivos de texto que se descargan en su dispositivo (ordenador, tel\u00e9fono inteligente, tableta) cuando visita un sitio web. Permiten al sitio web recordar informaci\u00f3n sobre su visita, mejorando su experiencia de usuario.<\/p><h3>2. TIPOS DE COOKIES UTILIZADAS<\/h3><p class=\"ds-markdown-paragraph\">Este sitio web utiliza las siguientes cookies:<\/p><p class=\"ds-markdown-paragraph\"><strong>Cookies t\u00e9cnicas (necesarias):<\/strong><\/p><ul><li><p class=\"ds-markdown-paragraph\">Permiten la navegaci\u00f3n y el uso de las funciones b\u00e1sicas del sitio web.<\/p><\/li><li><p class=\"ds-markdown-paragraph\">Son esenciales para el funcionamiento del sitio web.<\/p><\/li><\/ul><p class=\"ds-markdown-paragraph\"><strong>Cookies de an\u00e1lisis (estad\u00edsticas):<\/strong><\/p><ul><li><p class=\"ds-markdown-paragraph\">Permiten medir y analizar el uso que los usuarios hacen del sitio web.<\/p><\/li><li><p class=\"ds-markdown-paragraph\">Se utilizan para mejorar el funcionamiento del sitio.<\/p><\/li><\/ul><p class=\"ds-markdown-paragraph\"><strong>Cookies de personalizaci\u00f3n:<\/strong><\/p><ul><li><p class=\"ds-markdown-paragraph\">Permiten recordar preferencias del usuario (idioma, configuraci\u00f3n regional, etc.).<\/p><\/li><\/ul><h3>3. GESTI\u00d3N DE LAS COOKIES<\/h3><p class=\"ds-markdown-paragraph\">Al acceder a nuestro sitio web, se mostrar\u00e1 un banner informando del uso de cookies. Usted puede configurar su navegador para:<\/p><ul><li><p class=\"ds-markdown-paragraph\">Rechazar todas las cookies.<\/p><\/li><li><p class=\"ds-markdown-paragraph\">Bloquear cookies de terceros.<\/p><\/li><li><p class=\"ds-markdown-paragraph\">Eliminar las cookies cuando cierre el navegador.<\/p><\/li><\/ul><p class=\"ds-markdown-paragraph\">Puede gestionar las cookies a trav\u00e9s de la configuraci\u00f3n de su navegador. Los enlaces a las configuraciones de los navegadores m\u00e1s comunes son:<\/p><ul><li><p class=\"ds-markdown-paragraph\">Chrome:\u00a0<a href=\"https:\/\/support.google.com\/chrome\/answer\/95647\" target=\"_blank\" rel=\"noopener noreferrer\">https:\/\/support.google.com\/chrome\/answer\/95647<\/a><\/p><\/li><li><p class=\"ds-markdown-paragraph\">Firefox:\u00a0<a href=\"https:\/\/support.mozilla.org\/es\/kb\/cookies-informacion-que-los-sitios-web-guardan-en-\" target=\"_blank\" rel=\"noopener noreferrer\">https:\/\/support.mozilla.org\/es\/kb\/cookies-informacion-que-los-sitios-web-guardan-en-<\/a><\/p><\/li><li><p class=\"ds-markdown-paragraph\">Safari:\u00a0<a href=\"https:\/\/support.apple.com\/es-es\/guide\/safari\/sfri11471\/mac\" target=\"_blank\" rel=\"noopener noreferrer\">https:\/\/support.apple.com\/es-es\/guide\/safari\/sfri11471\/mac<\/a><\/p><\/li><li><p class=\"ds-markdown-paragraph\">Edge:\u00a0<a href=\"https:\/\/support.microsoft.com\/es-es\/help\/4027947\/microsoft-edge-delete-cookies\" target=\"_blank\" rel=\"noopener noreferrer\">https:\/\/support.microsoft.com\/es-es\/help\/4027947\/microsoft-edge-delete-cookies<\/a><\/p><\/li><\/ul><h3>4. ACTUALIZACIONES<\/h3><p class=\"ds-markdown-paragraph\">Esta pol\u00edtica de cookies puede ser actualizada para adaptarse a cambios legislativos o a nuestra propia actividad. Se recomienda revisarla peri\u00f3dicamente.<\/p>\t\t\t\t\t\t\t\t<\/div>\n\t\t\t\t\t<\/div>\n\t\t\t\t<\/div>\n\t\t\t\t<\/div>\n\t\t","protected":false},"excerpt":{"rendered":"<p>1. \u00bfQU\u00c9 SON LAS COOKIES? Las cookies son peque\u00f1os archivos de texto que se descargan en su dispositivo (ordenador, tel\u00e9fono inteligente, tableta) cuando visita un sitio web. Permiten al sitio web recordar informaci\u00f3n sobre su visita, mejorando su experiencia de usuario. 2. TIPOS DE COOKIES UTILIZADAS Este sitio web utiliza las siguientes cookies: Cookies t\u00e9cnicas [&hellip;]<\/p>\n","protected":false},"author":1,"featured_media":0,"parent":0,"menu_order":0,"comment_status":"closed","ping_status":"closed","template":"elementor_header_footer","meta":{"footnotes":""},"class_list":["post-251","page","type-page","status-publish","hentry"],"_links":{"self":[{"href":"https:\/\/hopeful-noether.217-160-227-206.plesk.page\/es\/wp-json\/wp\/v2\/pages\/251","targetHints":{"allow":["GET"]}}],"collection":[{"href":"https:\/\/hopeful-noether.217-160-227-206.plesk.page\/es\/wp-json\/wp\/v2\/pages"}],"about":[{"href":"https:\/\/hopeful-noether.217-160-227-206.plesk.page\/es\/wp-json\/wp\/v2\/types\/page"}],"author":[{"embeddable":true,"href":"https:\/\/hopeful-noether.217-160-227-206.plesk.page\/es\/wp-json\/wp\/v2\/users\/1"}],"replies":[{"embeddable":true,"href":"https:\/\/hopeful-noether.217-160-227-206.plesk.page\/es\/wp-json\/wp\/v2\/comments?post=251"}],"version-history":[{"count":4,"href":"https:\/\/hopeful-noether.217-160-227-206.plesk.page\/es\/wp-json\/wp\/v2\/pages\/251\/revisions"}],"predecessor-version":[{"id":265,"href":"https:\/\/hopeful-noether.217-160-227-206.plesk.page\/es\/wp-json\/wp\/v2\/pages\/251\/revisions\/265"}],"wp:attachment":[{"href":"https:\/\/hopeful-noether.217-160-227-206.plesk.page\/es\/wp-json\/wp\/v2\/media?parent=251"}],"curies":[{"name":"wp","href":"https:\/\/api.w.org\/{rel}","templated":true}]}}