{"id":252,"date":"2026-01-12T12:41:18","date_gmt":"2026-01-12T12:41:18","guid":{"rendered":"https:\/\/hopeful-noether.217-160-227-206.plesk.page\/avis-legal\/"},"modified":"2026-01-12T13:11:05","modified_gmt":"2026-01-12T13:11:05","slug":"aviso-legal","status":"publish","type":"page","link":"https:\/\/hopeful-noether.217-160-227-206.plesk.page\/es\/aviso-legal\/","title":{"rendered":"Aviso legal"},"content":{"rendered":"\t\t<div data-elementor-type=\"wp-page\" data-elementor-id=\"252\" class=\"elementor elementor-252 elementor-232\" data-elementor-post-type=\"page\">\n\t\t\t\t<div class=\"elementor-element elementor-element-d042e6b e-flex e-con-boxed e-con e-parent\" data-id=\"d042e6b\" data-element_type=\"container\">\n\t\t\t\t\t<div class=\"e-con-inner\">\n\t\t\t\t<div class=\"elementor-element elementor-element-8a2483f elementor-widget elementor-widget-heading\" data-id=\"8a2483f\" data-element_type=\"widget\" data-widget_type=\"heading.default\">\n\t\t\t\t\t<h2 class=\"elementor-heading-title elementor-size-default\">Aviso legal<\/h2>\t\t\t\t<\/div>\n\t\t\t\t<div class=\"elementor-element elementor-element-efa4758 elementor-widget elementor-widget-text-editor\" data-id=\"efa4758\" data-element_type=\"widget\" data-widget_type=\"text-editor.default\">\n\t\t\t\t\t\t\t\t\t<h3>1. IDENTIFICACI\u00d3N DEL PRESTADOR DEL SERVICIO<\/h3><p class=\"ds-markdown-paragraph\">En cumplimiento del art\u00edculo 10 de la Ley 34\/2002, de 11 de julio, de Servicios de la Sociedad de la Informaci\u00f3n y del Comercio Electr\u00f3nico, se informa:<\/p><p class=\"ds-markdown-paragraph\"><strong>Titular del sitio web:<\/strong>\u00a0RAM\u00d3N OROM\u00cd VIDAL<br \/><strong>Nombre del sitio web:<\/strong>\u00a0<a href=\"https:\/\/grangesoromifont.com\/\" target=\"_blank\" rel=\"noopener noreferrer\">grangesoromifont.com<\/a><br \/><strong>NIF:<\/strong>\u00a078073951Z<br \/><strong>Domicilio postal:<\/strong>\u00a0Avda. Dr. Iglesias, 18 &#8211; 25141 Torregrossa, Lleida, Espa\u00f1a<br \/><strong>Correo electr\u00f3nico:<\/strong>\u00a0[indicar correo electr\u00f3nico de contacto]<\/p><h3>2. FINALIDAD DEL SITIO WEB<\/h3><p class=\"ds-markdown-paragraph\"><a href=\"https:\/\/grangesoromifont.com\/\" target=\"_blank\" rel=\"noopener noreferrer\">Grangesoromifont.com<\/a>\u00a0es un sitio web que tiene como finalidad [describir brevemente la actividad de la p\u00e1gina web, por ejemplo: la promoci\u00f3n y venta de productos agr\u00edcolas, informaci\u00f3n sobre las granjas, contacto con clientes, etc.].<\/p><h3>3. CONDICIONES DE USO<\/h3><p class=\"ds-markdown-paragraph\">El acceso y uso de este sitio web atribuye la condici\u00f3n de usuario, quien acepta, desde ese mismo momento, las presentes condiciones de uso. El contenido de esta p\u00e1gina web tiene un uso informativo, sin que en ning\u00fan caso pueda considerarse como oferta de venta, solicitud de una oferta o recomendaci\u00f3n para realizar cualquier otra operaci\u00f3n, salvo que as\u00ed se indique expresamente.<\/p><h3>4. PROPIEDAD INTELECTUAL E INDUSTRIAL<\/h3><p class=\"ds-markdown-paragraph\">Todos los contenidos del sitio web, incluyendo texto, im\u00e1genes, gr\u00e1ficos, dise\u00f1o, c\u00f3digo fuente, y cualquier otro material, son propiedad de RAM\u00d3N OROM\u00cd VIDAL o de terceros que han autorizado su uso. Queda prohibida la reproducci\u00f3n, distribuci\u00f3n o transformaci\u00f3n de estos contenidos sin la autorizaci\u00f3n previa y por escrito del titular.<\/p><h3>5. RESPONSABILIDAD<\/h3><p class=\"ds-markdown-paragraph\">RAM\u00d3N OROM\u00cd VIDAL no se hace responsable de los da\u00f1os y perjuicios que puedan derivarse de:<\/p><ul><li><p class=\"ds-markdown-paragraph\">Interrupciones o mal funcionamiento del sitio web.<\/p><\/li><li><p class=\"ds-markdown-paragraph\">Falta de utilidad, adecuaci\u00f3n o validez del sitio web respecto a resultados o expectativas de los usuarios.<\/p><\/li><li><p class=\"ds-markdown-paragraph\">Existencia de virus o programas maliciosos en los contenidos.<\/p><\/li><li><p class=\"ds-markdown-paragraph\">Uso il\u00edcito, negligente, fraudulento o contrario a las presentes condiciones.<\/p><\/li><\/ul><h3>6. ENLACES A TERCEROS<\/h3><p class=\"ds-markdown-paragraph\">El sitio web puede contener enlaces a p\u00e1ginas web de terceros. RAM\u00d3N OROM\u00cd VIDAL no asume ninguna responsabilidad por el contenido de estos enlaces, que se ofrecen con finalidad informativa.<\/p>\t\t\t\t\t\t\t\t<\/div>\n\t\t\t\t\t<\/div>\n\t\t\t\t<\/div>\n\t\t\t\t<\/div>\n\t\t","protected":false},"excerpt":{"rendered":"<p>1. IDENTIFICACI\u00d3N DEL PRESTADOR DEL SERVICIO En cumplimiento del art\u00edculo 10 de la Ley 34\/2002, de 11 de julio, de Servicios de la Sociedad de la Informaci\u00f3n y del Comercio Electr\u00f3nico, se informa: Titular del sitio web:\u00a0RAM\u00d3N OROM\u00cd VIDALNombre del sitio web:\u00a0grangesoromifont.comNIF:\u00a078073951ZDomicilio postal:\u00a0Avda. Dr. Iglesias, 18 &#8211; 25141 Torregrossa, Lleida, Espa\u00f1aCorreo electr\u00f3nico:\u00a0[indicar correo electr\u00f3nico de [&hellip;]<\/p>\n","protected":false},"author":1,"featured_media":0,"parent":0,"menu_order":0,"comment_status":"closed","ping_status":"closed","template":"elementor_header_footer","meta":{"footnotes":""},"class_list":["post-252","page","type-page","status-publish","hentry"],"_links":{"self":[{"href":"https:\/\/hopeful-noether.217-160-227-206.plesk.page\/es\/wp-json\/wp\/v2\/pages\/252","targetHints":{"allow":["GET"]}}],"collection":[{"href":"https:\/\/hopeful-noether.217-160-227-206.plesk.page\/es\/wp-json\/wp\/v2\/pages"}],"about":[{"href":"https:\/\/hopeful-noether.217-160-227-206.plesk.page\/es\/wp-json\/wp\/v2\/types\/page"}],"author":[{"embeddable":true,"href":"https:\/\/hopeful-noether.217-160-227-206.plesk.page\/es\/wp-json\/wp\/v2\/users\/1"}],"replies":[{"embeddable":true,"href":"https:\/\/hopeful-noether.217-160-227-206.plesk.page\/es\/wp-json\/wp\/v2\/comments?post=252"}],"version-history":[{"count":4,"href":"https:\/\/hopeful-noether.217-160-227-206.plesk.page\/es\/wp-json\/wp\/v2\/pages\/252\/revisions"}],"predecessor-version":[{"id":259,"href":"https:\/\/hopeful-noether.217-160-227-206.plesk.page\/es\/wp-json\/wp\/v2\/pages\/252\/revisions\/259"}],"wp:attachment":[{"href":"https:\/\/hopeful-noether.217-160-227-206.plesk.page\/es\/wp-json\/wp\/v2\/media?parent=252"}],"curies":[{"name":"wp","href":"https:\/\/api.w.org\/{rel}","templated":true}]}}